{"id":1618,"date":"2018-11-24T01:22:30","date_gmt":"2018-11-24T00:22:30","guid":{"rendered":"http:\/\/fischhaus.schroederbusiness.de\/impressum\/"},"modified":"2024-08-17T22:57:34","modified_gmt":"2024-08-17T20:57:34","slug":"legal-notice","status":"publish","type":"page","link":"https:\/\/fischhaus.de\/en\/legal-notice\/","title":{"rendered":"legal notice"},"content":{"rendered":"<p>[vc_row full_width=&#8221;stretch_row_content_no_spaces&#8221;][vc_column]<div class=\"dine-element wpb_content_element dine-element-imagebox \" id=\"imagebox-1\">\n<div class=\"dine-imagebox\">\n    \n    <div class=\"imagebox-inner\">\n    \n        <div class=\"bg-thumb\">\n            <div class=\"bg-element\" style=\"background-image:url(https:\/\/fischhaus.de\/wp-content\/uploads\/2018\/11\/20181011_133818.jpg)\"><\/div>\n            <div class=\"height-element\" style=\"padding-bottom:25%;\"><\/div>\n        <\/div><!-- .bg-thumb -->\n        \n        <div class=\"imagebox-overlay\" style=\"background-color:rgba(0,0,0,0.3)\"><\/div>\n        \n                \n            \n    <\/div><!-- .imagebox-inner -->\n    \n<\/div><!-- .dine-imagebox --><\/div>[\/vc_column][\/vc_row][vc_row css=&#8221;.vc_custom_1515038696353{padding-top: 80px !important;padding-bottom: 80px !important;}&#8221; el_id=&#8221;about&#8221;][vc_column width=&#8221;2\/3&#8243; css=&#8221;.vc_custom_1515038759648{padding-right: 30px !important;}&#8221;][vc_empty_space height=&#8221;36px&#8221;][vc_custom_heading text=&#8221;Impressum&#8221; font_container=&#8221;tag:h3|text_align:left&#8221; use_theme_fonts=&#8221;yes&#8221;][vc_column_text]Restaurant Fischhaus GmbH &amp; Co. KG<\/p>\n<p>Berger Str. 3-7<br \/>\n40213 D\u00fcsseldorf<\/p>\n<p>Tel.: 0211 &#8211; 854 98 64<br \/>\neMail: info@fischhaus.de<\/p>\n<p>Gesch\u00e4ftsf\u00fchrer: Florian Gregor Conzen, Pablo Fernandez Garcia<\/p>\n<p>Sitz und Registergericht D\u00fcsseldorf HRB 50174<br \/>\nUST-ID Nr.: DE 237281129[\/vc_column_text][vc_column_text]<strong>Bildnachweise:<\/strong><\/p>\n<p><strong>Seite Getr\u00e4nkekarte:<\/strong><br \/>\nDepositphotos_42635369_xl-2015\u00a9Serreitor<br \/>\nDepositphotos_30498949_xl-2015\u00a9zaretskaya<br \/>\nDepositphotos_62572249_xl-2015\u00a9belchonock<br \/>\nDepositphotos_72501527_xl-2015\u00a9jag_cz<br \/>\nDepositphotos_90800100_xl-2015\u00a9Kesu01<br \/>\nDepositphotos_131972376_xl-2015\u00a95PH<br \/>\nDepositphotos_166293860_xl-2015\u00a9TarasMalyarevich<\/p>\n<p><strong>Seite Speisekarte:<\/strong><br \/>\nDepositphotos_15852861_xl-2015\u00a9Sonar<br \/>\nDepositphotos_41267103_xl-2015\u00a9bhofack2<\/p>\n<p><strong>Seite Anfahrt\/Kontakt:<\/strong><br \/>\nDepositphotos_22540183_xl-2015\u00a9mihtiander[\/vc_column_text][\/vc_column][vc_column width=&#8221;1\/3&#8243; css=&#8221;.vc_custom_1515038749584{border-left-width: 1px !important;padding-left: 30px !important;border-left-color: #dddddd !important;border-left-style: solid !important;}&#8221;][vc_column_text]<\/p>\n<h3 style=\"text-align: left;\">Restaurant Fischhaus<\/h3>\n<p>Bergerstra\u00dfe 3-7<br \/>\n40213 D\u00fcsseldorf<br \/>\nPhone +49 (0)211 854 98 64<br \/>\n<a href=\"mailto:info@fischhaus-duesseldorf.de\">info@fischhaus.de<\/a><\/p>\n<h3>OPENING HOURS<\/h3>\n<p>Daily open from 12 am until 11 pm<br \/>\nWarm kitchen open from 12 am until 9:30 pm[\/vc_column_text]<div class=\"dine-button button-inline button-left\" id=\"button-1\"><a href=\"mailto:info@fischhaus.de\" data-delay=\"0\" class=\"dine-btn btn-primary has-icon dine-animation-element animation-bottom\"><span>RESERVE TABLE<\/span><i class=\"fa fa-angle-right\"><\/i><\/a><\/div>[\/vc_column][\/vc_row]<\/p>\n","protected":false},"excerpt":{"rendered":"<p>[vc_row full_width=&#8221;stretch_row_content_no_spaces&#8221;][vc_column][\/vc_column][\/vc_row][vc_row css=&#8221;.vc_custom_1515038696353{padding-top: 80px !important;padding-bottom: 80px !important;}&#8221; el_id=&#8221;about&#8221;][vc_column width=&#8221;2\/3&#8243; css=&#8221;.vc_custom_1515038759648{padding-right: 30px !important;}&#8221;][vc_empty_space height=&#8221;36px&#8221;][vc_custom_heading text=&#8221;Impressum&#8221; font_container=&#8221;tag:h3|text_align:left&#8221; use_theme_fonts=&#8221;yes&#8221;][vc_column_text]Restaurant Fischhaus GmbH &amp; Co. KG Berger Str. 3-7 40213 D\u00fcsseldorf Tel.: 0211 &#8211; 854 98 64 eMail: info@fischhaus.de Gesch\u00e4ftsf\u00fchrer: Florian Gregor Conzen, Pablo Fernandez Garcia Sitz und Registergericht D\u00fcsseldorf HRB 50174 UST-ID Nr.: DE 237281129[\/vc_column_text][vc_column_text]Bildnachweise: Seite Getr\u00e4nkekarte: Depositphotos_42635369_xl-2015\u00a9Serreitor Depositphotos_30498949_xl-2015\u00a9zaretskaya &hellip; <\/p>\n","protected":false},"author":1,"featured_media":0,"parent":0,"menu_order":0,"comment_status":"closed","ping_status":"closed","template":"","meta":[],"_links":{"self":[{"href":"https:\/\/fischhaus.de\/en\/wp-json\/wp\/v2\/pages\/1618\/"}],"collection":[{"href":"https:\/\/fischhaus.de\/en\/wp-json\/wp\/v2\/pages\/"}],"about":[{"href":"https:\/\/fischhaus.de\/en\/wp-json\/wp\/v2\/types\/page\/"}],"author":[{"embeddable":true,"href":"https:\/\/fischhaus.de\/en\/wp-json\/wp\/v2\/users\/1\/"}],"replies":[{"embeddable":true,"href":"https:\/\/fischhaus.de\/en\/wp-json\/wp\/v2\/comments\/?post=1618"}],"version-history":[{"count":6,"href":"https:\/\/fischhaus.de\/en\/wp-json\/wp\/v2\/pages\/1618\/revisions\/"}],"predecessor-version":[{"id":2585,"href":"https:\/\/fischhaus.de\/en\/wp-json\/wp\/v2\/pages\/1618\/revisions\/2585\/"}],"wp:attachment":[{"href":"https:\/\/fischhaus.de\/en\/wp-json\/wp\/v2\/media\/?parent=1618"}],"curies":[{"name":"wp","href":"https:\/\/api.w.org\/{rel}","templated":true}]}}